{"id":456,"date":"2025-10-09T12:01:25","date_gmt":"2025-10-09T12:01:25","guid":{"rendered":"https:\/\/www.talveradream.com\/privacy\/"},"modified":"2026-01-05T14:46:09","modified_gmt":"2026-01-05T14:46:09","slug":"privacy","status":"publish","type":"page","link":"https:\/\/www.talveradream.com\/de\/privacy\/","title":{"rendered":"Privacy"},"content":{"rendered":"<p><div class=\"fusion-fullwidth fullwidth-box fusion-builder-row-1 fusion-flex-container nonhundred-percent-fullwidth non-hundred-percent-height-scrolling privacy-cont-cliente\" style=\"--awb-border-radius-top-left:0px;--awb-border-radius-top-right:0px;--awb-border-radius-bottom-right:0px;--awb-border-radius-bottom-left:0px;--awb-padding-top:50px;--awb-flex-wrap:wrap;\" ><div class=\"fusion-builder-row fusion-row fusion-flex-align-items-flex-start fusion-flex-content-wrap\" style=\"max-width:1352px;margin-left: calc(-4% \/ 2 );margin-right: calc(-4% \/ 2 );\"><div class=\"fusion-layout-column fusion_builder_column fusion-builder-column-0 fusion_builder_column_1_1 1_1 fusion-flex-column privacy-col-cliente\" style=\"--awb-bg-size:cover;--awb-width-large:100%;--awb-margin-top-large:0px;--awb-spacing-right-large:1.92%;--awb-margin-bottom-large:20px;--awb-spacing-left-large:1.92%;--awb-width-medium:100%;--awb-spacing-right-medium:1.92%;--awb-spacing-left-medium:1.92%;--awb-width-small:100%;--awb-spacing-right-small:1.92%;--awb-spacing-left-small:1.92%;\"><div class=\"fusion-column-wrapper fusion-flex-justify-content-flex-start fusion-content-layout-column\"><div class=\"fusion-text fusion-text-1\" style=\"--awb-text-transform:none;\"><p style=\"text-align: center;\">Datenverantwortlicher:<\/p>\n<p style=\"text-align: center;\"><strong>TALVERA DREAM by Tecno Med srl<\/strong><\/p>\n<p style=\"text-align: center;\">Talvera Strasse, 3 &#8211; 39100 Bolzano<\/p>\n<p style=\"text-align: center;\">Referenzwebsite:<a href=\"https:\/\/www.talveradream.com\/de\/\"> www.talveradream.com<\/a><\/p>\n<p style=\"text-align: center;\">E-Mail-Adresse des Verantwortlichen: <a href=\"mailto:info@talveradream.com\">info@talveradream.com<\/a><\/p>\n<p style=\"text-align: center;\">MwSt. IT 02359430218<\/p>\n<p style=\"text-align: center;\"><em><strong>im Folgenden als \u201eVerantwortlicher\u201c bezeichnet<\/strong><\/em><\/p>\n<\/div><div class=\"fusion-text fusion-text-2\"><p style=\"text-align: center;\">Letzte Aktualisierung: 25. Mai 2018<\/p>\n<\/div><\/div><\/div><\/div><\/div><div class=\"fusion-fullwidth fullwidth-box fusion-builder-row-2 fusion-flex-container nonhundred-percent-fullwidth non-hundred-percent-height-scrolling privacy-contenitore-gdpr\" style=\"--awb-border-radius-top-left:0px;--awb-border-radius-top-right:0px;--awb-border-radius-bottom-right:0px;--awb-border-radius-bottom-left:0px;--awb-flex-wrap:wrap;\" ><div class=\"fusion-builder-row fusion-row fusion-flex-align-items-flex-start fusion-flex-content-wrap\" style=\"max-width:1352px;margin-left: calc(-4% \/ 2 );margin-right: calc(-4% \/ 2 );\"><div class=\"fusion-layout-column fusion_builder_column fusion-builder-column-1 fusion_builder_column_1_3 1_3 fusion-flex-column\" style=\"--awb-bg-size:cover;--awb-width-large:33.333333333333%;--awb-margin-top-large:0px;--awb-spacing-right-large:5.76%;--awb-margin-bottom-large:20px;--awb-spacing-left-large:5.76%;--awb-width-medium:33.333333333333%;--awb-spacing-right-medium:5.76%;--awb-spacing-left-medium:5.76%;--awb-width-small:100%;--awb-spacing-right-small:1.92%;--awb-spacing-left-small:1.92%;\"><div class=\"fusion-column-wrapper fusion-flex-justify-content-flex-start fusion-content-layout-column\"><div class=\"fusion-text fusion-text-3\"><h2><strong>Datenschutzerkl\u00e4rung gem\u00e4\u00df den Art. 13-14 der Europ\u00e4ischen Datenschutz-Grundverordnung (DSGVO)<\/strong><\/h2>\n<p>Die von Ihnen eingegebenen personenbezogenen Daten werden vom oben auf der Seite genannten Datenverantwortlichen zu Zwecken verarbeitet, die mit der Bereitstellung der von Ihnen angeforderten Dienstleistungen verbunden sind (z. B. Anfragen von Informationen, Einholung von Angeboten, Registrierung auf der Website, um Vorteile und Angebote zu erhalten, Eink\u00e4ufe zu t\u00e4tigen und diese an eine von Ihnen angegebene Adresse zu erhalten).<\/p>\n<p>Dar\u00fcber hinaus k\u00f6nnen die von Ihnen bereitgestellten Daten nur mit Ihrer ausdr\u00fccklichen Zustimmung verarbeitet werden, um Ihnen kommerzielle Mitteilungen zu senden.<\/p>\n<p>Im ersten Fall ist die Rechtsgrundlage f\u00fcr die Verarbeitung die Durchf\u00fchrung eines Vertrags; im zweiten Fall ist es die Einwilligung.<\/p>\n<p>Die Verarbeitung erfolgt elektronisch und wird Dritten (Externen Datenverarbeitern) innerhalb der Europ\u00e4ischen Union zur Verf\u00fcgung gestellt, die vom Verantwortlichen ordnungsgem\u00e4\u00df vertraglich gebunden und mit angemessenen Sicherheitsgarantien ausgestattet sind, die zur Erbringung wesentlicher Dienstleistungen erforderlich sind, um Ihre Anforderungen zu erf\u00fcllen. Diese Externen Datenverarbeiter, deren Liste auf Anfrage erh\u00e4ltlich ist, k\u00f6nnen zu den Kategorien von Subjekten geh\u00f6ren, die den Verantwortlichen bei der Bereitstellung der \u00fcber diese Website angebotenen Dienstleistungen unterst\u00fctzen (wie z. B. Softwareentwickler und Website-Manager, Versanddienstleister).<\/p>\n<p>Sollte es aus technischen und\/oder betrieblichen Gr\u00fcnden notwendig sein, auf Subjekte au\u00dferhalb der Europ\u00e4ischen Union zur\u00fcckzugreifen oder einige der gesammelten Daten an technische Systeme und Dienste zu \u00fcbertragen, die in der <em>Cloud<\/em> und au\u00dferhalb des Gebiets der Europ\u00e4ischen Union verwaltet werden, erfolgt die Verarbeitung gem\u00e4\u00df Kapitel V der Verordnung und wird auf der Grundlage spezifischer Entscheidungen der Europ\u00e4ischen Union genehmigt. Es werden daher alle erforderlichen Vorsichtsma\u00dfnahmen getroffen, um den bestm\u00f6glichen Schutz der personenbezogenen Daten zu gew\u00e4hrleisten, indem diese \u00dcbertragung auf Folgendem basiert: a) Angemessenheitsentscheidungen der Empf\u00e4ngerl\u00e4nder durch die Europ\u00e4ische Kommission; b) angemessene Garantien des Drittlandempf\u00e4ngers gem\u00e4\u00df Art. 46 der Verordnung; c) Annahme verbindlicher Unternehmensregeln, sogenannte <em>Corporate Binding Rules<\/em>.<\/p>\n<p>Dar\u00fcber hinaus werden die Daten zu statistischen Zwecken und f\u00fcr Direktmarketing anonym verarbeitet, wie in der Cookie-Richtlinie n\u00e4her beschrieben.<\/p>\n<p>Es handelt sich daher um rechtm\u00e4\u00dfige und notwendige Verarbeitungen, um Ihnen einen Service zu bieten, der Ihren Erwartungen entspricht.<\/p>\n<p>Die Daten werden f\u00fcr die gesamte Dauer der von Ihnen angeforderten Dienstleistungen oder f\u00fcr l\u00e4ngere Zeitr\u00e4ume gespeichert, wenn dies gesetzlich vorgeschrieben ist.<\/p>\n<p>Ihre personenbezogenen Daten werden nicht verbreitet, k\u00f6nnen jedoch, sofern dies f\u00fcr die Erbringung der Dienstleistung erforderlich ist, an Dritte (wie technische Dienstleister, Postzustelldienste, Hosting-Provider, IT-Unternehmen) weitergegeben werden, die gegebenenfalls vom Verantwortlichen als Auftragsverarbeiter f\u00fcr technische oder organisatorische Aufgaben im Zusammenhang mit der Bereitstellung von Dienstleistungen benannt wurden.<\/p>\n<p>Der Zugang zu den Daten ist auch f\u00fcr Kategorien von Mitarbeitern des Verantwortlichen m\u00f6glich, die in die Organisation der Datenverarbeitung involviert sind (Verwaltungspersonal, Verkauf, Marketing, Kundendienst, Systemadministratoren).<\/p>\n<p>Die aktualisierte Liste der Verantwortlichen kann jederzeit beim Datenverantwortlichen angefordert werden.<\/p>\n<p>Das Recht auf \u00dcbermittlung an Dritte bleibt unber\u00fchrt, wenn Sie Ihre spezifische und freiwillige Zustimmung gegeben haben.<\/p>\n<p>Sie k\u00f6nnen jederzeit die in den Artikeln 15-22 der DSGVO vorgesehenen Rechte aus\u00fcben, indem Sie den Datenverantwortlichen kontaktieren.<\/p>\n<ul>\n<li>Der Verantwortliche garantiert Ihnen, dass Sie jederzeit die in Art. 12 der DSGVO vorgesehenen Rechte aus\u00fcben k\u00f6nnen. Insbesondere haben Sie das Recht:<\/li>\n<li>zu erfahren, ob der Verantwortliche personenbezogene Daten \u00fcber Sie speichert und\/oder verarbeitet, und vollst\u00e4ndigen Zugang zu diesen Daten zu erhalten, einschlie\u00dflich einer Kopie davon (Art. 15 Recht auf Auskunft),<\/li>\n<li>auf Berichtigung unrichtiger personenbezogener Daten oder Vervollst\u00e4ndigung unvollst\u00e4ndiger personenbezogener Daten (Art. 16 Recht auf Berichtigung);<\/li>\n<li>auf L\u00f6schung der personenbezogenen Daten im Besitz des Verantwortlichen, sofern einer der im DSGVO vorgesehenen Gr\u00fcnde vorliegt (Recht auf L\u00f6schung, Art. 17);<\/li>\n<li>den Verantwortlichen aufzufordern, die Verarbeitung nur auf einige personenbezogene Daten zu beschr\u00e4nken, sofern einer der im DSGVO vorgesehenen Gr\u00fcnde vorliegt (Art. 18 Recht auf Einschr\u00e4nkung der Verarbeitung);<\/li>\n<li>alle Ihre vom Verantwortlichen verarbeiteten personenbezogenen Daten in einem strukturierten, g\u00e4ngigen und maschinenlesbaren Format anzufordern und zu erhalten oder deren \u00dcbermittlung an einen anderen Verantwortlichen ohne Hindernisse zu verlangen (Art. 20, Recht auf Daten\u00fcbertragbarkeit);<\/li>\n<li>sich ganz oder teilweise gegen die Verarbeitung der Daten zu Zwecken der Zusendung von Werbematerial und Marktuntersuchungen (sog. Einwilligung) zu widersetzen (Art. 21 Widerspruchsrecht);<\/li>\n<li>sich ganz oder teilweise gegen die Verarbeitung der Daten in automatisierter oder halbautomatisierter Weise zu Zwecken des Profiling (sog. Einwilligung) zu widersetzen.<\/li>\n<\/ul>\n<p>Die Aus\u00fcbung dieser Rechte kann durch eine Mitteilung an den Datenverantwortlichen\/Datenschutzbeauftragten erfolgen, dessen Kontaktdaten im entsprechenden Abschnitt dieser Erkl\u00e4rung angegeben sind.<br \/>\nDar\u00fcber hinaus haben Sie jederzeit das Recht, eine Beschwerde bei der Datenschutzbeh\u00f6rde einzureichen, die unter der Adresse garante@gpdp.it oder \u00fcber die Website http:\/\/www.gpdp.it erreichbar ist.<\/p>\n<p>Um nur die auf den Systemen des Verantwortlichen gespeicherten Daten zu \u00e4ndern oder zu l\u00f6schen, wenden Sie sich bitte an den Verantwortlichen. Die von Ihnen im Formular eingegebenen Informationen (einschlie\u00dflich Ihrer E-Mail-Adresse) k\u00f6nnen an ein Drittunternehmen weitergegeben werden, das als externer Verantwortlicher fungiert und den Verantwortlichen bei der Verwaltung der Website und der Bearbeitung Ihrer Anfrage unterst\u00fctzt.<\/p>\n<p>Im Falle der L\u00f6schungsanfrage Ihrer Daten weisen wir darauf hin, dass es m\u00f6glicherweise nicht mehr m\u00f6glich ist, Ihnen den angeforderten Dienst weiterhin zu erbringen.<\/p>\n<\/div><\/div><\/div><div class=\"fusion-layout-column fusion_builder_column fusion-builder-column-2 fusion_builder_column_2_3 2_3 fusion-flex-column\" style=\"--awb-bg-size:cover;--awb-width-large:66.666666666667%;--awb-margin-top-large:0px;--awb-spacing-right-large:2.88%;--awb-margin-bottom-large:20px;--awb-spacing-left-large:2.88%;--awb-width-medium:66.666666666667%;--awb-spacing-right-medium:2.88%;--awb-spacing-left-medium:2.88%;--awb-width-small:100%;--awb-spacing-right-small:1.92%;--awb-spacing-left-small:1.92%;\"><div class=\"fusion-column-wrapper fusion-flex-justify-content-flex-start fusion-content-layout-column\"><div class=\"fusion-text fusion-text-4\"><h2><strong>Datenschutzerkl\u00e4rung und Cookie-Richtlinie f\u00fcr Besucher der Website<\/strong><\/h2>\n<p>Cookies bestehen aus Teilen von Code, die im Browser installiert sind und dem Verantwortlichen bei der Bereitstellung des Dienstes entsprechend den beschriebenen Zwecken helfen. Einige der Zwecke der Installation von Cookies k\u00f6nnen zudem die Zustimmung des Benutzers erfordern. Wenn die Installation von Cookies auf der Grundlage einer Zustimmung erfolgt, kann diese Zustimmung jederzeit frei widerrufen werden, indem den Anweisungen auf dieser Seite gefolgt wird.<\/p>\n<p>Um Ihren Besuch auf der Website des Verantwortlichen so angenehm wie m\u00f6glich zu gestalten und das Produktangebot zu pr\u00e4sentieren, verwenden wir Cookies und gelegentlich einige Werkzeuge zur Nutzungsanalyse unserer Webseiten, um deren Benutzerfreundlichkeit zu verbessern. Cookies sind kleine Textdateien, die lokal im tempor\u00e4ren Speicher Ihres Browsers und damit auf Ihrem Computer gespeichert werden. Die Speicherungsdauer kann je nach Bedarf zwischen wenigen Stunden und einigen Jahren variieren, mit Ausnahme von Profiling-Cookies, deren maximale Dauer 365 Kalendertage betr\u00e4gt. Die Usability-Analysetools bestehen aus kleinen Softwareprogrammen (Skripten), die vor\u00fcbergehend auf einigen Seiten der Website aktiviert werden und auf v\u00f6llig anonyme Weise eine Reihe von Interaktionen mit den Inhalten (z. B. Klicks, Mausbewegungen, die Verweildauer des Mauszeigers an einer bestimmten Position) aufzeichnen. Nach Abschluss der Datenerfassung werden diese Informationen aggregiert und analysiert, um die Seitenstruktur oder den Service zu verbessern. Der Verantwortliche sammelt weder den Inhalt der Felder, die Sie m\u00f6glicherweise w\u00e4hrend einer dieser Sitzungen ausgef\u00fcllt haben, noch sonstige personenbezogene Informationen, sondern nur technische und betriebliche Informationen. Die Aktivierung dieser Skripte unterliegt der Zustimmung zur Cookie-Richtlinie, da sie hinsichtlich der Art der gesammelten Daten und der Art der Nutzung mit diesen vergleichbar sind. Durch Cookies ist es m\u00f6glich, Informationen \u00fcber Ihre Pr\u00e4ferenzen und andere technische Daten semi-permanent zu speichern, was eine einfachere und effizientere Navigation auf der Website erm\u00f6glicht. Zum Beispiel k\u00f6nnen Cookies verwendet werden, um festzustellen, ob bereits eine Verbindung zwischen Ihrem Computer und unseren Websites hergestellt wurde, um Neuigkeiten hervorzuheben oder Login-Informationen zu speichern. Zu Ihrer Sicherheit wird nur das auf Ihrem Computer gespeicherte Cookie identifiziert.<br \/>\nZus\u00e4tzlich zu Cookies verwenden wir Skripte mit \u00e4hnlichen Zwecken.<\/p>\n<h3>Technische und aggregierte Statistik-Cookies<\/h3>\n<h3>Aktivit\u00e4ten, die f\u00fcr den Betrieb unbedingt erforderlich sind<\/h3>\n<p>Die Anwendung des Verantwortlichen verwendet Cookies, um die Benutzersitzung zu speichern und andere Aktivit\u00e4ten durchzuf\u00fchren, die f\u00fcr den Betrieb dieser Anwendung unbedingt erforderlich sind, z. B. in Bezug auf die Verteilung des Datenverkehrs.<\/p>\n<h3>Aktivit\u00e4ten zum Speichern von Pr\u00e4ferenzen, Optimierung und Statistik<\/h3>\n<p>Diese Anwendung verwendet Cookies, um die Browsing-Pr\u00e4ferenzen zu speichern und das Benutzererlebnis zu optimieren. Zu diesen Cookies geh\u00f6ren beispielsweise diejenigen, mit denen die Sprache und W\u00e4hrung eingestellt werden, oder solche, die f\u00fcr die Verwaltung von Statistiken durch den Website-Verantwortlichen verwendet werden.<\/p>\n<h3>Andere Arten von Cookies oder Drittwerkzeuge, die sie installieren k\u00f6nnten<\/h3>\n<p>Einige der nachstehend aufgef\u00fchrten Dienste sammeln Statistiken in aggregierter und anonymer Form und erfordern m\u00f6glicherweise nicht die Zustimmung des Benutzers oder k\u00f6nnen, je nach Beschreibung, direkt vom Verantwortlichen ohne die Hilfe Dritter verwaltet werden.<\/p>\n<p>Sollten unter den unten aufgef\u00fchrten Werkzeugen Dienste von Dritten verwaltet werden, k\u00f6nnten diese \u2013 zus\u00e4tzlich zu den angegebenen Informationen und auch ohne Wissen des Verantwortlichen \u2013 Benutzeraktivit\u00e4ten nachverfolgen. F\u00fcr detaillierte Informationen wird empfohlen, die Datenschutzrichtlinien der aufgef\u00fchrten Dienste zu konsultieren.<\/p>\n<h3>Interaktion mit sozialen Netzwerken und externen Plattformen<\/h3>\n<p>Diese Art von Diensten erm\u00f6glicht Interaktionen mit sozialen Netzwerken oder anderen externen Plattformen direkt von den Seiten dieser Anwendung aus.<br \/>\nDie Interaktionen und Informationen, die von dieser Anwendung erfasst werden, unterliegen in jedem Fall den Datenschutzeinstellungen des Benutzers f\u00fcr jedes soziale Netzwerk.<br \/>\nFalls ein Dienst zur Interaktion mit sozialen Netzwerken installiert ist, ist es m\u00f6glich, dass dieser, selbst wenn die Benutzer den Dienst nicht nutzen, Daten \u00fcber den Datenverkehr auf den Seiten sammelt, auf denen er installiert ist.<\/p>\n<h4>+1-Schaltfl\u00e4che und soziale Widgets von Google+ (Google Inc.)<\/h4>\n<p>Die +1-Schaltfl\u00e4che und sozialen Widgets von Google+ sind Interaktionsdienste mit dem sozialen Netzwerk Google+, bereitgestellt von Google Inc.<\/p>\n<p>Erhobene personenbezogene Daten: Cookies und Nutzungsdaten.<\/p>\n<p>Verarbeitungsort: USA \u2013 <a href=\"https:\/\/www.google.com\/intl\/de\/policies\/privacy\/\">Datenschutzrichtlinie<\/a>. Unternehmen, das dem Privacy Shield angeh\u00f6rt.<\/p>\n<h4>Schaltfl\u00e4che und soziale Widgets von StumbleUpon (StumbleUpon, Inc.)<\/h4>\n<p>Die Schaltfl\u00e4che und sozialen Widgets von StumbleUpon sind Interaktionsdienste mit dem sozialen Netzwerk StumbleUpon, bereitgestellt von StumbleUpon, Inc.<\/p>\n<p>Erhobene personenbezogene Daten: Cookies und Nutzungsdaten.<\/p>\n<p>Verarbeitungsort: USA \u2013 <a href=\"https:\/\/www.stumbleupon.com\/privacy\">Datenschutzrichtlinie<\/a>.<\/p>\n<h4>Schaltfl\u00e4che und soziale Widgets von LinkedIn (LinkedIn Corporation)<\/h4>\n<p>Die Schaltfl\u00e4che und sozialen Widgets von LinkedIn sind Interaktionsdienste mit dem sozialen Netzwerk LinkedIn, bereitgestellt von LinkedIn Corporation.<\/p>\n<p>Erhobene personenbezogene Daten: Cookies und Nutzungsdaten.<\/p>\n<p>Verarbeitungsort: USA \u2013 <a href=\"https:\/\/www.linkedin.com\/legal\/privacy-policy\">Datenschutzrichtlinie<\/a>.<\/p>\n<h4>Schaltfl\u00e4che und soziale Widgets von Tumblr (Tumblr Inc.)<\/h4>\n<p>Die Schaltfl\u00e4che und sozialen Widgets von Tumblr sind Interaktionsdienste mit dem sozialen Netzwerk Tumblr, bereitgestellt von Tumblr Inc.<\/p>\n<p>Erhobene personenbezogene Daten: Cookies und Nutzungsdaten.<\/p>\n<p>Verarbeitungsort: USA \u2013 <a href=\"https:\/\/www.tumblr.com\/policy\/en\/privacy\">Datenschutzrichtlinie<\/a>.<\/p>\n<h4>Gef\u00e4llt mir-Schaltfl\u00e4che und soziale Widgets von Facebook (Facebook, Inc.)<\/h4>\n<p>Die \u201eGef\u00e4llt mir\u201c-Schaltfl\u00e4che und sozialen Widgets von Facebook sind Interaktionsdienste mit dem sozialen Netzwerk Facebook, bereitgestellt von Facebook, Inc.<\/p>\n<p>Erhobene personenbezogene Daten: Cookies und Nutzungsdaten.<\/p>\n<p>Verarbeitungsort: USA \u2013 <a href=\"https:\/\/www.facebook.com\/privacy\/explanation\">Datenschutzrichtlinie<\/a>. Unternehmen, das dem Privacy Shield angeh\u00f6rt.<\/p>\n<h4>Tweet-Schaltfl\u00e4che und soziale Widgets von Twitter (Twitter, Inc.)<\/h4>\n<p>Die Tweet-Schaltfl\u00e4che und sozialen Widgets von Twitter sind Interaktionsdienste mit dem sozialen Netzwerk Twitter, bereitgestellt von Twitter, Inc.<\/p>\n<p>Erhobene personenbezogene Daten: Cookies und Nutzungsdaten.<\/p>\n<p>Verarbeitungsort: USA \u2013 <a href=\"https:\/\/twitter.com\/privacy\">Datenschutzrichtlinie<\/a>. Unternehmen, das dem Privacy Shield angeh\u00f6rt.<\/p>\n<h4>\u201ePin it\u201c-Schaltfl\u00e4che und soziale Widgets von Pinterest (Pinterest)<\/h4>\n<p>Die \u201ePin it\u201c-Schaltfl\u00e4che und sozialen Widgets von Pinterest sind Interaktionsdienste mit der Plattform Pinterest, bereitgestellt von Pinterest Inc.<\/p>\n<p>Erhobene personenbezogene Daten: Cookies und Nutzungsdaten.<\/p>\n<p>Verarbeitungsort: USA \u2013 <a href=\"https:\/\/about.pinterest.com\/en\/privacy-policy\">Datenschutzrichtlinie<\/a>.<\/p>\n<h3>Remarketing und verhaltensbezogenes Targeting<\/h3>\n<p>Diese Art von Diensten erm\u00f6glicht es dieser Anwendung und ihren Partnern, Werbung zu kommunizieren, zu optimieren und zu schalten, basierend auf der fr\u00fcheren Nutzung dieser Anwendung durch den Benutzer.<br \/>\nDiese Aktivit\u00e4t wird durch die Nachverfolgung von Nutzungsdaten und die Verwendung von Cookies durchgef\u00fchrt, Informationen, die an die Partner weitergegeben werden, mit denen die Remarketing- und Targeting-Aktivit\u00e4t verkn\u00fcpft ist.<br \/>\nZus\u00e4tzlich zu den unten aufgef\u00fchrten M\u00f6glichkeiten zum Opt-out kann der Benutzer den Erhalt von Cookies von einem Drittanbieter-Dienst ausschlie\u00dfen, indem er die <a href=\"http:\/\/optout.networkadvertising.org\/\">Opt-out-Seite der Network Advertising Initiative<\/a> besucht.<\/p>\n<h4>AdWords Remarketing (Google Inc.)<\/h4>\n<p>AdWords Remarketing ist ein Remarketing- und verhaltensbezogener Targeting-Dienst, bereitgestellt von Google Inc., der die Aktivit\u00e4t dieser Anwendung mit dem Werbenetzwerk Adwords und dem Doubleclick-Cookie verbindet.<\/p>\n<p>Erhobene personenbezogene Daten: Cookies und Nutzungsdaten.<\/p>\n<p>Verarbeitungsort: USA \u2013 <a href=\"http:\/\/www.google.com\/intl\/de\/policies\/privacy\/\">Datenschutzrichtlinie<\/a> \u2013 <a href=\"https:\/\/www.google.com\/settings\/ads\/onweb\/optout\">Opt-out<\/a>.<\/p>\n<h4>Remarketing mit Google Analytics f\u00fcr Display-Werbung (Google Inc.)<\/h4>\n<p>Google Analytics f\u00fcr Display-Werbung ist ein Remarketing- und verhaltensbezogener Targeting-Dienst, bereitgestellt von Google Inc., der die von Google Analytics und dessen Cookies durchgef\u00fchrte Nachverfolgung mit dem Werbenetzwerk Adwords und dem Doubleclick-Cookie verbindet.<\/p>\n<p>Erhobene personenbezogene Daten: Cookies und Nutzungsdaten.<\/p>\n<p>Verarbeitungsort: USA \u2013 <a href=\"https:\/\/www.google.com\/intl\/de\/policies\/privacy\/\">Datenschutzrichtlinie<\/a> \u2013 <a href=\"https:\/\/www.google.com\/settings\/ads\/onweb\/optout\">Opt-out<\/a>. Unternehmen, das<\/p>\n<\/div><\/div><\/div><\/div><\/div><\/p>\n","protected":false},"excerpt":{"rendered":"","protected":false},"author":1,"featured_media":0,"parent":0,"menu_order":0,"comment_status":"closed","ping_status":"open","template":"","meta":{"footnotes":""},"class_list":["post-456","page","type-page","status-publish","hentry"],"_links":{"self":[{"href":"https:\/\/www.talveradream.com\/de\/wp-json\/wp\/v2\/pages\/456","targetHints":{"allow":["GET"]}}],"collection":[{"href":"https:\/\/www.talveradream.com\/de\/wp-json\/wp\/v2\/pages"}],"about":[{"href":"https:\/\/www.talveradream.com\/de\/wp-json\/wp\/v2\/types\/page"}],"author":[{"embeddable":true,"href":"https:\/\/www.talveradream.com\/de\/wp-json\/wp\/v2\/users\/1"}],"replies":[{"embeddable":true,"href":"https:\/\/www.talveradream.com\/de\/wp-json\/wp\/v2\/comments?post=456"}],"version-history":[{"count":2,"href":"https:\/\/www.talveradream.com\/de\/wp-json\/wp\/v2\/pages\/456\/revisions"}],"predecessor-version":[{"id":462,"href":"https:\/\/www.talveradream.com\/de\/wp-json\/wp\/v2\/pages\/456\/revisions\/462"}],"wp:attachment":[{"href":"https:\/\/www.talveradream.com\/de\/wp-json\/wp\/v2\/media?parent=456"}],"curies":[{"name":"wp","href":"https:\/\/api.w.org\/{rel}","templated":true}]}}